{"id":57,"date":"2024-12-21T14:33:02","date_gmt":"2024-12-21T13:33:02","guid":{"rendered":"https:\/\/msa.net.pl\/?page_id=57"},"modified":"2025-01-18T14:28:34","modified_gmt":"2025-01-18T13:28:34","slug":"2025-2","status":"publish","type":"page","link":"https:\/\/msa.net.pl\/?page_id=57","title":{"rendered":"kontakt"},"content":{"rendered":"\n<p class=\"has-vivid-red-color has-text-color has-link-color has-extra-large-font-size wp-elements-0ed1e8f653ee6f0a5ce5f2d8136b7ce6\">Michnowicz Staszewski Architekci<\/p>\n\n\n\n<p class=\"has-large-font-size\">61-501 Pozna\u0144, ul. D\u0105br\u00f3wki 2\/4<\/p>\n\n\n\n<p class=\"has-large-font-size\">tel. 61 649 73 94<\/p>\n\n\n\n<p class=\"has-large-font-size\">biuro@msa.net.pl<\/p>\n\n\n\n<hr class=\"wp-block-separator has-alpha-channel-opacity\"\/>\n\n\n\n<iframe src=\"https:\/\/www.google.com\/maps\/embed?pb=!1m18!1m12!1m3!1d608.7644719938668!2d16.919363076231324!3d52.38750091224456!2m3!1f0!2f0!3f0!3m2!1i1024!2i768!4f13.1!3m3!1m2!1s0x47045ad8b271428f%3A0xebeba9a3d81684e5!2sMichnowicz%20Staszewski%20Architekci!5e0!3m2!1spl!2spl!4v1734792917436!5m2!1spl!2spl\" width=\"1200\" height=\"450\" style=\"border:0;\" allowfullscreen=\"\" loading=\"lazy\" referrerpolicy=\"no-referrer-when-downgrade\"><\/iframe>\n\n\n\n<p><\/p>\n","protected":false},"excerpt":{"rendered":"<p>Michnowicz Staszewski Architekci 61-501 Pozna\u0144, ul. D\u0105br\u00f3wki 2\/4 tel. 61 649 73 94 biuro@msa.net.pl<\/p>\n","protected":false},"author":1,"featured_media":0,"parent":0,"menu_order":0,"comment_status":"closed","ping_status":"closed","template":"","meta":{"footnotes":""},"class_list":["post-57","page","type-page","status-publish","hentry"],"_links":{"self":[{"href":"https:\/\/msa.net.pl\/index.php?rest_route=\/wp\/v2\/pages\/57","targetHints":{"allow":["GET"]}}],"collection":[{"href":"https:\/\/msa.net.pl\/index.php?rest_route=\/wp\/v2\/pages"}],"about":[{"href":"https:\/\/msa.net.pl\/index.php?rest_route=\/wp\/v2\/types\/page"}],"author":[{"embeddable":true,"href":"https:\/\/msa.net.pl\/index.php?rest_route=\/wp\/v2\/users\/1"}],"replies":[{"embeddable":true,"href":"https:\/\/msa.net.pl\/index.php?rest_route=%2Fwp%2Fv2%2Fcomments&post=57"}],"version-history":[{"count":24,"href":"https:\/\/msa.net.pl\/index.php?rest_route=\/wp\/v2\/pages\/57\/revisions"}],"predecessor-version":[{"id":120,"href":"https:\/\/msa.net.pl\/index.php?rest_route=\/wp\/v2\/pages\/57\/revisions\/120"}],"wp:attachment":[{"href":"https:\/\/msa.net.pl\/index.php?rest_route=%2Fwp%2Fv2%2Fmedia&parent=57"}],"curies":[{"name":"wp","href":"https:\/\/api.w.org\/{rel}","templated":true}]}}